{"id":2,"date":"2023-12-20T18:48:21","date_gmt":"2023-12-20T17:48:21","guid":{"rendered":"https:\/\/www.stadsvapnet.se\/?page_id=2"},"modified":"2023-12-20T23:15:01","modified_gmt":"2023-12-20T22:15:01","slug":"exempelsida","status":"publish","type":"page","link":"https:\/\/www.stadsvapnet.se\/?page_id=2","title":{"rendered":"Tillf\u00e4llig sida f\u00f6r"},"content":{"rendered":"\n<h3 class=\"wp-block-heading\"><strong>TILL STADSVAPNETS\u00a0<\/strong><\/h3>\n\n\n\n<h3 class=\"wp-block-heading\"><strong>SAMF\u00c4LLIGHETSF\u00d6RENING<\/strong><\/h3>\n\n\n\n<p><\/p>\n\n\n\n<p>Du hittar v\u00e5r vanliga sidor p\u00e5 <a href=\"http:\/\/www.test.stadsvapnet.se\">www.test.stadsvapnet.se<\/a> <\/p>\n\n\n\n<h3 class=\"wp-block-heading\"><strong>GOD JUL &amp; GOTT NYTT \u00c5R<\/strong><\/h3>\n\n\n\n<figure class=\"wp-block-image aligncenter is-resized\"><img decoding=\"async\" src=\"https:\/\/test.stadsvapnet.se\/wp-content\/uploads\/julkulor.jpg\" alt=\"\" class=\"wp-image-1283\" style=\"width:162px;height:auto\"\/><\/figure>\n\n\n\n<h3 class=\"wp-block-heading has-text-align-center\">\u00a0<\/h3>\n\n\n\n<h4 class=\"wp-block-heading\">&nbsp;<\/h4>\n","protected":false},"excerpt":{"rendered":"<p>TILL STADSVAPNETS\u00a0 SAMF\u00c4LLIGHETSF\u00d6RENING Du hittar v\u00e5r vanliga sidor p\u00e5 www.test.stadsvapnet.se GOD JUL &amp; GOTT NYTT \u00c5R \u00a0 &nbsp;<\/p>\n","protected":false},"author":1,"featured_media":0,"parent":0,"menu_order":0,"comment_status":"closed","ping_status":"open","template":"","meta":{"_monsterinsights_skip_tracking":false,"_monsterinsights_sitenote_active":false,"_monsterinsights_sitenote_note":"","_monsterinsights_sitenote_category":0,"footnotes":""},"yoast_head":"<!-- This site is optimized with the Yoast SEO plugin v21.7 - https:\/\/yoast.com\/wordpress\/plugins\/seo\/ -->\n<title>Tillf\u00e4llig sida f\u00f6r - Stadsvapnet<\/title>\n<meta name=\"robots\" content=\"index, follow, max-snippet:-1, max-image-preview:large, max-video-preview:-1\" \/>\n<link rel=\"canonical\" href=\"https:\/\/www.stadsvapnet.se\/?page_id=2\" \/>\n<meta property=\"og:locale\" content=\"sv_SE\" \/>\n<meta property=\"og:type\" content=\"article\" \/>\n<meta property=\"og:title\" content=\"Tillf\u00e4llig sida f\u00f6r - Stadsvapnet\" \/>\n<meta property=\"og:description\" content=\"TILL STADSVAPNETS\u00a0 SAMF\u00c4LLIGHETSF\u00d6RENING Du hittar v\u00e5r vanliga sidor p\u00e5 www.test.stadsvapnet.se GOD JUL &amp; GOTT NYTT \u00c5R \u00a0 &nbsp;\" \/>\n<meta property=\"og:url\" content=\"https:\/\/www.stadsvapnet.se\/?page_id=2\" \/>\n<meta property=\"og:site_name\" content=\"Stadsvapnet\" \/>\n<meta property=\"article:modified_time\" content=\"2023-12-20T22:15:01+00:00\" \/>\n<meta property=\"og:image\" content=\"https:\/\/test.stadsvapnet.se\/wp-content\/uploads\/julkulor.jpg\" \/>\n<meta name=\"twitter:card\" content=\"summary_large_image\" \/>\n<meta name=\"twitter:label1\" content=\"Ber\u00e4knad l\u00e4stid\" \/>\n\t<meta name=\"twitter:data1\" content=\"1 minut\" \/>\n<script type=\"application\/ld+json\" class=\"yoast-schema-graph\">{\"@context\":\"https:\/\/schema.org\",\"@graph\":[{\"@type\":\"WebPage\",\"@id\":\"https:\/\/www.stadsvapnet.se\/?page_id=2\",\"url\":\"https:\/\/www.stadsvapnet.se\/?page_id=2\",\"name\":\"Tillf\u00e4llig sida f\u00f6r - Stadsvapnet\",\"isPartOf\":{\"@id\":\"https:\/\/www.stadsvapnet.se\/#website\"},\"datePublished\":\"2023-12-20T17:48:21+00:00\",\"dateModified\":\"2023-12-20T22:15:01+00:00\",\"breadcrumb\":{\"@id\":\"https:\/\/www.stadsvapnet.se\/?page_id=2#breadcrumb\"},\"inLanguage\":\"sv-SE\",\"potentialAction\":[{\"@type\":\"ReadAction\",\"target\":[\"https:\/\/www.stadsvapnet.se\/?page_id=2\"]}]},{\"@type\":\"BreadcrumbList\",\"@id\":\"https:\/\/www.stadsvapnet.se\/?page_id=2#breadcrumb\",\"itemListElement\":[{\"@type\":\"ListItem\",\"position\":1,\"name\":\"Home\",\"item\":\"https:\/\/www.stadsvapnet.se\/\"},{\"@type\":\"ListItem\",\"position\":2,\"name\":\"Tillf\u00e4llig sida f\u00f6r\"}]},{\"@type\":\"WebSite\",\"@id\":\"https:\/\/www.stadsvapnet.se\/#website\",\"url\":\"https:\/\/www.stadsvapnet.se\/\",\"name\":\"Stadsvapnet\",\"description\":\"\",\"potentialAction\":[{\"@type\":\"SearchAction\",\"target\":{\"@type\":\"EntryPoint\",\"urlTemplate\":\"https:\/\/www.stadsvapnet.se\/?s={search_term_string}\"},\"query-input\":\"required name=search_term_string\"}],\"inLanguage\":\"sv-SE\"}]}<\/script>\n<!-- \/ Yoast SEO plugin. -->","yoast_head_json":{"title":"Tillf\u00e4llig sida f\u00f6r - Stadsvapnet","robots":{"index":"index","follow":"follow","max-snippet":"max-snippet:-1","max-image-preview":"max-image-preview:large","max-video-preview":"max-video-preview:-1"},"canonical":"https:\/\/www.stadsvapnet.se\/?page_id=2","og_locale":"sv_SE","og_type":"article","og_title":"Tillf\u00e4llig sida f\u00f6r - Stadsvapnet","og_description":"TILL STADSVAPNETS\u00a0 SAMF\u00c4LLIGHETSF\u00d6RENING Du hittar v\u00e5r vanliga sidor p\u00e5 www.test.stadsvapnet.se GOD JUL &amp; GOTT NYTT \u00c5R \u00a0 &nbsp;","og_url":"https:\/\/www.stadsvapnet.se\/?page_id=2","og_site_name":"Stadsvapnet","article_modified_time":"2023-12-20T22:15:01+00:00","og_image":[{"url":"https:\/\/test.stadsvapnet.se\/wp-content\/uploads\/julkulor.jpg"}],"twitter_card":"summary_large_image","twitter_misc":{"Ber\u00e4knad l\u00e4stid":"1 minut"},"schema":{"@context":"https:\/\/schema.org","@graph":[{"@type":"WebPage","@id":"https:\/\/www.stadsvapnet.se\/?page_id=2","url":"https:\/\/www.stadsvapnet.se\/?page_id=2","name":"Tillf\u00e4llig sida f\u00f6r - Stadsvapnet","isPartOf":{"@id":"https:\/\/www.stadsvapnet.se\/#website"},"datePublished":"2023-12-20T17:48:21+00:00","dateModified":"2023-12-20T22:15:01+00:00","breadcrumb":{"@id":"https:\/\/www.stadsvapnet.se\/?page_id=2#breadcrumb"},"inLanguage":"sv-SE","potentialAction":[{"@type":"ReadAction","target":["https:\/\/www.stadsvapnet.se\/?page_id=2"]}]},{"@type":"BreadcrumbList","@id":"https:\/\/www.stadsvapnet.se\/?page_id=2#breadcrumb","itemListElement":[{"@type":"ListItem","position":1,"name":"Home","item":"https:\/\/www.stadsvapnet.se\/"},{"@type":"ListItem","position":2,"name":"Tillf\u00e4llig sida f\u00f6r"}]},{"@type":"WebSite","@id":"https:\/\/www.stadsvapnet.se\/#website","url":"https:\/\/www.stadsvapnet.se\/","name":"Stadsvapnet","description":"","potentialAction":[{"@type":"SearchAction","target":{"@type":"EntryPoint","urlTemplate":"https:\/\/www.stadsvapnet.se\/?s={search_term_string}"},"query-input":"required name=search_term_string"}],"inLanguage":"sv-SE"}]}},"_links":{"self":[{"href":"https:\/\/www.stadsvapnet.se\/index.php?rest_route=\/wp\/v2\/pages\/2"}],"collection":[{"href":"https:\/\/www.stadsvapnet.se\/index.php?rest_route=\/wp\/v2\/pages"}],"about":[{"href":"https:\/\/www.stadsvapnet.se\/index.php?rest_route=\/wp\/v2\/types\/page"}],"author":[{"embeddable":true,"href":"https:\/\/www.stadsvapnet.se\/index.php?rest_route=\/wp\/v2\/users\/1"}],"replies":[{"embeddable":true,"href":"https:\/\/www.stadsvapnet.se\/index.php?rest_route=%2Fwp%2Fv2%2Fcomments&post=2"}],"version-history":[{"count":2,"href":"https:\/\/www.stadsvapnet.se\/index.php?rest_route=\/wp\/v2\/pages\/2\/revisions"}],"predecessor-version":[{"id":11,"href":"https:\/\/www.stadsvapnet.se\/index.php?rest_route=\/wp\/v2\/pages\/2\/revisions\/11"}],"wp:attachment":[{"href":"https:\/\/www.stadsvapnet.se\/index.php?rest_route=%2Fwp%2Fv2%2Fmedia&parent=2"}],"curies":[{"name":"wp","href":"https:\/\/api.w.org\/{rel}","templated":true}]}}